{"id":6934,"date":"2020-04-28T13:28:26","date_gmt":"2020-04-28T11:28:26","guid":{"rendered":"https:\/\/midi-restaurant.de\/contact\/"},"modified":"2026-04-13T17:09:35","modified_gmt":"2026-04-13T15:09:35","slug":"contact","status":"publish","type":"page","link":"https:\/\/midi-restaurant.de\/fr\/contact\/","title":{"rendered":"Contact"},"content":{"rendered":"\t\t<div data-elementor-type=\"wp-page\" data-elementor-id=\"6934\" class=\"elementor elementor-6934 elementor-3592\">\n\t\t\t\t\t\t<section class=\"elementor-section elementor-top-section elementor-element elementor-element-548a6cf eltdf-elementor-row-grid-section eltdf-content-aligment-center elementor-section-boxed elementor-section-height-default elementor-section-height-default eltdf-parallax-row-no eltdf-disabled-bg-image-bellow-no\" data-id=\"548a6cf\" data-element_type=\"section\" data-e-type=\"section\">\n\t\t\t\t\t\t<div class=\"elementor-container elementor-column-gap-default\">\n\t\t\t\t\t<div class=\"elementor-column elementor-col-50 elementor-top-column elementor-element elementor-element-454c0c7\" data-id=\"454c0c7\" data-element_type=\"column\" data-e-type=\"column\">\n\t\t\t<div class=\"elementor-widget-wrap elementor-element-populated\">\n\t\t\t\t\t\t<div class=\"elementor-element elementor-element-5718ecd elementor-widget elementor-widget-eltdf_section_title\" data-id=\"5718ecd\" data-element_type=\"widget\" data-e-type=\"widget\" data-widget_type=\"eltdf_section_title.default\">\n\t\t\t\t<div class=\"elementor-widget-container\">\n\t\t\t\t\t<div class=\"eltdf-section-title-holder    \" style=\"text-align: center\">\n\t<div class=\"eltdf-st-inner\">\n                    <span class=\"eltdf-st-tagline\">\n                So finden Sie uns            <\/span>\n        \t\t            <div class=\"eltdf-st-title-holder\">\n                                    <div class=\"decor\"><svg xmlns=\"http:\/\/www.w3.org\/2000\/svg\" width=\"41.125\" height=\"9.146\">\n                            <path fill=\"none\" stroke=\"#9C7C57\" stroke-miterlimit=\"10\" d=\"M40.881 8.576L20.562.591.244 8.576\"\/>\n                            <path fill=\"none\" stroke=\"#9C7C57\" stroke-miterlimit=\"10\" d=\"M40.881.591L20.562 8.576.243.591\"\/>\n                        <\/svg><\/div>\n                                <h1 class=\"eltdf-st-title\" >\n                    Kontakt                <\/h1>\n                                    <div class=\"decor\"><svg xmlns=\"http:\/\/www.w3.org\/2000\/svg\" width=\"41.125\" height=\"9.146\">\n                            <path fill=\"none\" stroke=\"#9C7C57\" stroke-miterlimit=\"10\" d=\"M40.881 8.576L20.562.591.244 8.576\"\/>\n                            <path fill=\"none\" stroke=\"#9C7C57\" stroke-miterlimit=\"10\" d=\"M40.881.591L20.562 8.576.243.591\"\/>\n                        <\/svg><\/div>\n                            <\/div>\n\t\t\t\t\t\t\t<\/div>\n<\/div>\t\t\t\t<\/div>\n\t\t\t\t<\/div>\n\t\t\t\t<div class=\"elementor-element elementor-element-0023919 elementor-widget elementor-widget-eltdf_cf7\" data-id=\"0023919\" data-element_type=\"widget\" data-e-type=\"widget\" data-widget_type=\"eltdf_cf7.default\">\n\t\t\t\t<div class=\"elementor-widget-container\">\n\t\t\t\t\t    \n<div class=\"wpcf7 no-js\" id=\"wpcf7-f16-o1\" lang=\"de-DE\" dir=\"ltr\" data-wpcf7-id=\"16\">\n<div class=\"screen-reader-response\"><p role=\"status\" aria-live=\"polite\" aria-atomic=\"true\"><\/p> <ul><\/ul><\/div>\n<form action=\"\/fr\/wp-json\/wp\/v2\/pages\/6934#wpcf7-f16-o1\" method=\"post\" class=\"wpcf7-form init cf7_custom_style_2\" aria-label=\"Kontaktformular\" novalidate=\"novalidate\" data-status=\"init\">\n<fieldset class=\"hidden-fields-container\"><input type=\"hidden\" name=\"_wpcf7\" value=\"16\" \/><input type=\"hidden\" name=\"_wpcf7_version\" value=\"6.1.5\" \/><input type=\"hidden\" name=\"_wpcf7_locale\" value=\"de_DE\" \/><input type=\"hidden\" name=\"_wpcf7_unit_tag\" value=\"wpcf7-f16-o1\" \/><input type=\"hidden\" name=\"_wpcf7_container_post\" value=\"0\" \/><input type=\"hidden\" name=\"_wpcf7_posted_data_hash\" value=\"\" \/>\n<\/fieldset>\n<label>Name (Pflichtfeld)\n    <span class=\"wpcf7-form-control-wrap\" data-name=\"your-name\"><input size=\"40\" maxlength=\"400\" class=\"wpcf7-form-control wpcf7-text wpcf7-validates-as-required\" aria-required=\"true\" aria-invalid=\"false\" value=\"\" type=\"text\" name=\"your-name\" \/><\/span> <\/label>\n\n<label>E-Mail-Adresse (Pflichtfeld)\n    <span class=\"wpcf7-form-control-wrap\" data-name=\"your-email\"><input size=\"40\" maxlength=\"400\" class=\"wpcf7-form-control wpcf7-email wpcf7-validates-as-required wpcf7-text wpcf7-validates-as-email\" aria-required=\"true\" aria-invalid=\"false\" value=\"\" type=\"email\" name=\"your-email\" \/><\/span> <\/label>\n\n<label> Betreff\n    <span class=\"wpcf7-form-control-wrap\" data-name=\"your-subject\"><input size=\"40\" maxlength=\"400\" class=\"wpcf7-form-control wpcf7-text\" aria-invalid=\"false\" value=\"\" type=\"text\" name=\"your-subject\" \/><\/span> <\/label>\n\n<label> Nachricht\n    <span class=\"wpcf7-form-control-wrap\" data-name=\"your-message\"><textarea cols=\"40\" rows=\"10\" maxlength=\"2000\" class=\"wpcf7-form-control wpcf7-textarea\" aria-invalid=\"false\" name=\"your-message\"><\/textarea><\/span> <\/label>\n\n<label> Datenschutz\n<span class=\"wpcf7-form-control-wrap\" data-name=\"datenschutz\"><span class=\"wpcf7-form-control wpcf7-checkbox wpcf7-validates-as-required\"><span class=\"wpcf7-list-item first last\"><input type=\"checkbox\" name=\"datenschutz[]\" value=\"Bitte best\u00e4tigen:\" \/><span class=\"wpcf7-list-item-label\">Bitte best\u00e4tigen:<\/span><\/span><\/span><\/span> Ich habe die <a href=\"https:\/\/www.midi-restaurant.de\/datenschutzerklaerung\/\" target=\"_blank\">Datenschutzerkl\u00e4rung<\/a> gelesen und akzeptiere diese *\n<\/label>\n\n\n<button class=\"wpcf7-form-control wpcf7-submit btn btn-primary eltdf-btn eltdf-btn-medium eltdf-btn-outline\" type=\"submit\"><span class=\"eltdf-btn-text\">Kontaktanfrage senden<\/span><\/button><input type='hidden' class='wpcf7-pum' value='{\"closepopup\":false,\"closedelay\":0,\"openpopup\":false,\"openpopup_id\":0}' \/><div class=\"wpcf7-response-output\" aria-hidden=\"true\"><\/div>\n<\/form>\n<\/div>\n\t\t\t\t<\/div>\n\t\t\t\t<\/div>\n\t\t\t\t\t<\/div>\n\t\t<\/div>\n\t\t\t\t<div class=\"elementor-column elementor-col-50 elementor-top-column elementor-element elementor-element-7ed1f0d\" data-id=\"7ed1f0d\" data-element_type=\"column\" data-e-type=\"column\">\n\t\t\t<div class=\"elementor-widget-wrap elementor-element-populated\">\n\t\t\t\t\t\t<section class=\"elementor-section elementor-inner-section elementor-element elementor-element-e6fe2bd elementor-section-boxed elementor-section-height-default elementor-section-height-default eltdf-parallax-row-no eltdf-content-aligment-left eltdf-elementor-row-grid-no eltdf-disabled-bg-image-bellow-no\" data-id=\"e6fe2bd\" data-element_type=\"section\" data-e-type=\"section\">\n\t\t\t\t\t\t<div class=\"elementor-container elementor-column-gap-default\">\n\t\t\t\t\t<div class=\"elementor-column elementor-col-100 elementor-inner-column elementor-element elementor-element-6a65fc7\" data-id=\"6a65fc7\" data-element_type=\"column\" data-e-type=\"column\">\n\t\t\t<div class=\"elementor-widget-wrap elementor-element-populated\">\n\t\t\t\t\t\t<div class=\"elementor-element elementor-element-3ed85a4 elementor-widget elementor-widget-eltdf_section_title\" data-id=\"3ed85a4\" data-element_type=\"widget\" data-e-type=\"widget\" data-widget_type=\"eltdf_section_title.default\">\n\t\t\t\t<div class=\"elementor-widget-container\">\n\t\t\t\t\t<div class=\"eltdf-section-title-holder    \" style=\"text-align: center\">\n\t<div class=\"eltdf-st-inner\">\n        \t\t            <div class=\"eltdf-st-title-holder\">\n                                <h5 class=\"eltdf-st-title\" >\n                    St. Ingbert-Rohrbach                <\/h5>\n                            <\/div>\n\t\t\t\t\t\t\t<\/div>\n<\/div>\t\t\t\t<\/div>\n\t\t\t\t<\/div>\n\t\t\t\t<div class=\"elementor-element elementor-element-9676cb0 elementor-widget elementor-widget-eltdf_single_image\" data-id=\"9676cb0\" data-element_type=\"widget\" data-e-type=\"widget\" data-widget_type=\"eltdf_single_image.default\">\n\t\t\t\t<div class=\"elementor-widget-container\">\n\t\t\t\t\t<div class=\"eltdf-single-image-holder     eltdf-image-appear-none\">\n    <div class=\"eltdf-si-inner\" >\n                                                        <img fetchpriority=\"high\" decoding=\"async\" width=\"775\" height=\"775\" src=\"data:image\/gif;base64,R0lGODlhAQABAIAAAAAAAP\/\/\/yH5BAEAAAAALAAAAAABAAEAAAIBRAA7\" data-src=\"https:\/\/midi-restaurant.de\/wp-content\/uploads\/2024\/04\/midi-restaurant-anfahrt-1.jpg\" class=\"attachment-full size-full lazyload\" alt=\"Anfahrt Skizze zum midi Restaurant in Rohrbach\" data-srcset=\"https:\/\/midi-restaurant.de\/wp-content\/uploads\/2024\/04\/midi-restaurant-anfahrt-1.jpg 775w, https:\/\/midi-restaurant.de\/wp-content\/uploads\/2024\/04\/midi-restaurant-anfahrt-1-300x300.jpg 300w, https:\/\/midi-restaurant.de\/wp-content\/uploads\/2024\/04\/midi-restaurant-anfahrt-1-150x150.jpg 150w, https:\/\/midi-restaurant.de\/wp-content\/uploads\/2024\/04\/midi-restaurant-anfahrt-1-768x768.jpg 768w, https:\/\/midi-restaurant.de\/wp-content\/uploads\/2024\/04\/midi-restaurant-anfahrt-1-650x650.jpg 650w\" sizes=\"(max-width: 775px) 100vw, 775px\" \/><noscript><img decoding=\"async\" width=\"775\" height=\"775\" src=\"https:\/\/midi-restaurant.de\/wp-content\/uploads\/2024\/04\/midi-restaurant-anfahrt-1.jpg\" class=\"attachment-full size-full lazyload\" alt=\"Anfahrt Skizze zum midi Restaurant in Rohrbach\" srcset=\"https:\/\/midi-restaurant.de\/wp-content\/uploads\/2024\/04\/midi-restaurant-anfahrt-1.jpg 775w, https:\/\/midi-restaurant.de\/wp-content\/uploads\/2024\/04\/midi-restaurant-anfahrt-1-300x300.jpg 300w, https:\/\/midi-restaurant.de\/wp-content\/uploads\/2024\/04\/midi-restaurant-anfahrt-1-150x150.jpg 150w, https:\/\/midi-restaurant.de\/wp-content\/uploads\/2024\/04\/midi-restaurant-anfahrt-1-768x768.jpg 768w, https:\/\/midi-restaurant.de\/wp-content\/uploads\/2024\/04\/midi-restaurant-anfahrt-1-650x650.jpg 650w\" sizes=\"(max-width: 775px) 100vw, 775px\" \/><\/noscript>                                                <\/div>\n<\/div>\t\t\t\t<\/div>\n\t\t\t\t<\/div>\n\t\t\t\t<div class=\"elementor-element elementor-element-b95249e elementor-widget elementor-widget-text-editor\" data-id=\"b95249e\" data-element_type=\"widget\" data-e-type=\"widget\" data-widget_type=\"text-editor.default\">\n\t\t\t\t<div class=\"elementor-widget-container\">\n\t\t\t\t\t\t\t\t\t<p style=\"text-align: center;\"><strong>midi Restaurant &amp; Markt<\/strong><\/p><p style=\"text-align: center;\">06894 92994-23<\/p><p style=\"text-align: center;\">info@midi-restaurant.de<\/p><p style=\"text-align: center;\">Ernst-Heckel-Stra\u00dfe 4<\/p><p style=\"text-align: center;\">66386 St. Ingbert-Rohrbach<\/p><div style=\"border: 1px solid #c9ab81; padding: 15px; background-color: rgba(201, 171, 129, 0.2);\"><p style=\"text-align: center;\">Telefonisch erreichen Sie uns am besten von 12:00 bis 17:30 Uhr. Bitte haben Sie Verst\u00e4ndnis, dass wir uns ab 18:30 Uhr vorrangig um unsere G\u00e4ste vor Ort k\u00fcmmern und im Service eingebunden sind.<\/p><\/div>\t\t\t\t\t\t\t\t<\/div>\n\t\t\t\t<\/div>\n\t\t\t\t\t<\/div>\n\t\t<\/div>\n\t\t\t\t\t<\/div>\n\t\t<\/section>\n\t\t\t\t\t<\/div>\n\t\t<\/div>\n\t\t\t\t\t<\/div>\n\t\t<\/section>\n\t\t\t\t<\/div>\n\t\t","protected":false},"excerpt":{"rendered":"","protected":false},"author":1,"featured_media":0,"parent":0,"menu_order":0,"comment_status":"closed","ping_status":"closed","template":"full-width.php","meta":{"inline_featured_image":false,"footnotes":""},"class_list":["post-6934","page","type-page","status-publish","hentry"],"yoast_head":"<!-- This site is optimized with the Yoast SEO plugin v27.4 - https:\/\/yoast.com\/product\/yoast-seo-wordpress\/ -->\n<title>Le restaurant midi se r\u00e9jouit de votre visite -<\/title>\n<meta name=\"description\" content=\"Contactez le restaurant midi. Nous sommes \u00e0 votre disposition et vous aidons volontiers.\" \/>\n<meta name=\"robots\" content=\"index, follow, max-snippet:-1, max-image-preview:large, max-video-preview:-1\" \/>\n<link rel=\"canonical\" href=\"https:\/\/midi-restaurant.de\/fr\/contact\/\" \/>\n<meta property=\"og:locale\" content=\"fr_FR\" \/>\n<meta property=\"og:type\" content=\"article\" \/>\n<meta property=\"og:title\" content=\"Le restaurant midi se r\u00e9jouit de votre visite -\" \/>\n<meta property=\"og:description\" content=\"Contactez le restaurant midi. Nous sommes \u00e0 votre disposition et vous aidons volontiers.\" \/>\n<meta property=\"og:url\" content=\"https:\/\/midi-restaurant.de\/fr\/contact\/\" \/>\n<meta property=\"og:site_name\" content=\"midi Restaurant\" \/>\n<meta property=\"article:publisher\" content=\"https:\/\/www.facebook.com\/midibliesgau\/\" \/>\n<meta property=\"article:modified_time\" content=\"2026-04-13T15:09:35+00:00\" \/>\n<meta name=\"twitter:card\" content=\"summary_large_image\" \/>\n<script type=\"application\/ld+json\" class=\"yoast-schema-graph\">{\"@context\":\"https:\\\/\\\/schema.org\",\"@graph\":[{\"@type\":\"WebPage\",\"@id\":\"https:\\\/\\\/midi-restaurant.de\\\/fr\\\/contact\\\/\",\"url\":\"https:\\\/\\\/midi-restaurant.de\\\/fr\\\/contact\\\/\",\"name\":\"Le restaurant midi se r\u00e9jouit de votre visite -\",\"isPartOf\":{\"@id\":\"https:\\\/\\\/midi-restaurant.de\\\/fr\\\/#website\"},\"datePublished\":\"2020-04-28T11:28:26+00:00\",\"dateModified\":\"2026-04-13T15:09:35+00:00\",\"description\":\"Contactez le restaurant midi. Nous sommes \u00e0 votre disposition et vous aidons volontiers.\",\"breadcrumb\":{\"@id\":\"https:\\\/\\\/midi-restaurant.de\\\/fr\\\/contact\\\/#breadcrumb\"},\"inLanguage\":\"fr-FR\",\"potentialAction\":[{\"@type\":\"ReadAction\",\"target\":[\"https:\\\/\\\/midi-restaurant.de\\\/fr\\\/contact\\\/\"]}]},{\"@type\":\"BreadcrumbList\",\"@id\":\"https:\\\/\\\/midi-restaurant.de\\\/fr\\\/contact\\\/#breadcrumb\",\"itemListElement\":[{\"@type\":\"ListItem\",\"position\":1,\"name\":\"Startseite\",\"item\":\"https:\\\/\\\/midi-restaurant.de\\\/fr\\\/\"},{\"@type\":\"ListItem\",\"position\":2,\"name\":\"Contact\"}]},{\"@type\":\"WebSite\",\"@id\":\"https:\\\/\\\/midi-restaurant.de\\\/fr\\\/#website\",\"url\":\"https:\\\/\\\/midi-restaurant.de\\\/fr\\\/\",\"name\":\"midi Restaurant\",\"description\":\"Das Restaurant midi in Rohrbach hat seit 2024 einen Michelin-Stern\",\"publisher\":{\"@id\":\"https:\\\/\\\/midi-restaurant.de\\\/fr\\\/#organization\"},\"potentialAction\":[{\"@type\":\"SearchAction\",\"target\":{\"@type\":\"EntryPoint\",\"urlTemplate\":\"https:\\\/\\\/midi-restaurant.de\\\/fr\\\/?s={search_term_string}\"},\"query-input\":{\"@type\":\"PropertyValueSpecification\",\"valueRequired\":true,\"valueName\":\"search_term_string\"}}],\"inLanguage\":\"fr-FR\"},{\"@type\":\"Organization\",\"@id\":\"https:\\\/\\\/midi-restaurant.de\\\/fr\\\/#organization\",\"name\":\"midi Restaurant\",\"url\":\"https:\\\/\\\/midi-restaurant.de\\\/fr\\\/\",\"logo\":{\"@type\":\"ImageObject\",\"inLanguage\":\"fr-FR\",\"@id\":\"https:\\\/\\\/midi-restaurant.de\\\/fr\\\/#\\\/schema\\\/logo\\\/image\\\/\",\"url\":\"https:\\\/\\\/dev.midi-restaurant.de\\\/wp-content\\\/uploads\\\/2024\\\/01\\\/midi-logo-claim.svg\",\"contentUrl\":\"https:\\\/\\\/dev.midi-restaurant.de\\\/wp-content\\\/uploads\\\/2024\\\/01\\\/midi-logo-claim.svg\",\"width\":632,\"height\":484,\"caption\":\"midi Restaurant\"},\"image\":{\"@id\":\"https:\\\/\\\/midi-restaurant.de\\\/fr\\\/#\\\/schema\\\/logo\\\/image\\\/\"},\"sameAs\":[\"https:\\\/\\\/www.facebook.com\\\/midibliesgau\\\/\",\"https:\\\/\\\/www.instagram.com\\\/midi_bliesgau\"]}]}<\/script>\n<!-- \/ Yoast SEO plugin. -->","yoast_head_json":{"title":"Le restaurant midi se r\u00e9jouit de votre visite -","description":"Contactez le restaurant midi. Nous sommes \u00e0 votre disposition et vous aidons volontiers.","robots":{"index":"index","follow":"follow","max-snippet":"max-snippet:-1","max-image-preview":"max-image-preview:large","max-video-preview":"max-video-preview:-1"},"canonical":"https:\/\/midi-restaurant.de\/fr\/contact\/","og_locale":"fr_FR","og_type":"article","og_title":"Le restaurant midi se r\u00e9jouit de votre visite -","og_description":"Contactez le restaurant midi. Nous sommes \u00e0 votre disposition et vous aidons volontiers.","og_url":"https:\/\/midi-restaurant.de\/fr\/contact\/","og_site_name":"midi Restaurant","article_publisher":"https:\/\/www.facebook.com\/midibliesgau\/","article_modified_time":"2026-04-13T15:09:35+00:00","twitter_card":"summary_large_image","schema":{"@context":"https:\/\/schema.org","@graph":[{"@type":"WebPage","@id":"https:\/\/midi-restaurant.de\/fr\/contact\/","url":"https:\/\/midi-restaurant.de\/fr\/contact\/","name":"Le restaurant midi se r\u00e9jouit de votre visite -","isPartOf":{"@id":"https:\/\/midi-restaurant.de\/fr\/#website"},"datePublished":"2020-04-28T11:28:26+00:00","dateModified":"2026-04-13T15:09:35+00:00","description":"Contactez le restaurant midi. Nous sommes \u00e0 votre disposition et vous aidons volontiers.","breadcrumb":{"@id":"https:\/\/midi-restaurant.de\/fr\/contact\/#breadcrumb"},"inLanguage":"fr-FR","potentialAction":[{"@type":"ReadAction","target":["https:\/\/midi-restaurant.de\/fr\/contact\/"]}]},{"@type":"BreadcrumbList","@id":"https:\/\/midi-restaurant.de\/fr\/contact\/#breadcrumb","itemListElement":[{"@type":"ListItem","position":1,"name":"Startseite","item":"https:\/\/midi-restaurant.de\/fr\/"},{"@type":"ListItem","position":2,"name":"Contact"}]},{"@type":"WebSite","@id":"https:\/\/midi-restaurant.de\/fr\/#website","url":"https:\/\/midi-restaurant.de\/fr\/","name":"midi Restaurant","description":"Das Restaurant midi in Rohrbach hat seit 2024 einen Michelin-Stern","publisher":{"@id":"https:\/\/midi-restaurant.de\/fr\/#organization"},"potentialAction":[{"@type":"SearchAction","target":{"@type":"EntryPoint","urlTemplate":"https:\/\/midi-restaurant.de\/fr\/?s={search_term_string}"},"query-input":{"@type":"PropertyValueSpecification","valueRequired":true,"valueName":"search_term_string"}}],"inLanguage":"fr-FR"},{"@type":"Organization","@id":"https:\/\/midi-restaurant.de\/fr\/#organization","name":"midi Restaurant","url":"https:\/\/midi-restaurant.de\/fr\/","logo":{"@type":"ImageObject","inLanguage":"fr-FR","@id":"https:\/\/midi-restaurant.de\/fr\/#\/schema\/logo\/image\/","url":"https:\/\/dev.midi-restaurant.de\/wp-content\/uploads\/2024\/01\/midi-logo-claim.svg","contentUrl":"https:\/\/dev.midi-restaurant.de\/wp-content\/uploads\/2024\/01\/midi-logo-claim.svg","width":632,"height":484,"caption":"midi Restaurant"},"image":{"@id":"https:\/\/midi-restaurant.de\/fr\/#\/schema\/logo\/image\/"},"sameAs":["https:\/\/www.facebook.com\/midibliesgau\/","https:\/\/www.instagram.com\/midi_bliesgau"]}]}},"jetpack_sharing_enabled":true,"_links":{"self":[{"href":"https:\/\/midi-restaurant.de\/fr\/wp-json\/wp\/v2\/pages\/6934","targetHints":{"allow":["GET"]}}],"collection":[{"href":"https:\/\/midi-restaurant.de\/fr\/wp-json\/wp\/v2\/pages"}],"about":[{"href":"https:\/\/midi-restaurant.de\/fr\/wp-json\/wp\/v2\/types\/page"}],"author":[{"embeddable":true,"href":"https:\/\/midi-restaurant.de\/fr\/wp-json\/wp\/v2\/users\/1"}],"replies":[{"embeddable":true,"href":"https:\/\/midi-restaurant.de\/fr\/wp-json\/wp\/v2\/comments?post=6934"}],"version-history":[{"count":1,"href":"https:\/\/midi-restaurant.de\/fr\/wp-json\/wp\/v2\/pages\/6934\/revisions"}],"predecessor-version":[{"id":6938,"href":"https:\/\/midi-restaurant.de\/fr\/wp-json\/wp\/v2\/pages\/6934\/revisions\/6938"}],"wp:attachment":[{"href":"https:\/\/midi-restaurant.de\/fr\/wp-json\/wp\/v2\/media?parent=6934"}],"curies":[{"name":"wp","href":"https:\/\/api.w.org\/{rel}","templated":true}]}}