{"id":7025,"date":"2024-04-12T14:28:25","date_gmt":"2024-04-12T12:28:25","guid":{"rendered":"https:\/\/midi-restaurant.de\/dejeuner\/"},"modified":"2026-05-05T19:19:41","modified_gmt":"2026-05-05T17:19:41","slug":"dejeuner","status":"publish","type":"page","link":"https:\/\/midi-restaurant.de\/fr\/dejeuner\/","title":{"rendered":"D\u00e9jeuner"},"content":{"rendered":"\t\t<div data-elementor-type=\"wp-page\" data-elementor-id=\"7025\" class=\"elementor elementor-7025 elementor-5647\">\n\t\t\t\t<div class=\"elementor-element elementor-element-157c32d5 e-flex e-con-boxed e-con e-parent\" data-id=\"157c32d5\" data-element_type=\"container\" data-e-type=\"container\">\n\t\t\t\t\t<div class=\"e-con-inner\">\n\t\t\t\t<div class=\"elementor-element elementor-element-8a636d7 elementor-widget elementor-widget-heading\" data-id=\"8a636d7\" data-element_type=\"widget\" data-e-type=\"widget\" data-widget_type=\"heading.default\">\n\t\t\t\t<div class=\"elementor-widget-container\">\n\t\t\t\t\t<h1 class=\"elementor-heading-title elementor-size-default\">Nouveau site web<\/h1>\t\t\t\t<\/div>\n\t\t\t\t<\/div>\n\t\t\t\t<div class=\"elementor-element elementor-element-a03bc83 elementor-widget elementor-widget-text-editor\" data-id=\"a03bc83\" data-element_type=\"widget\" data-e-type=\"widget\" data-widget_type=\"text-editor.default\">\n\t\t\t\t<div class=\"elementor-widget-container\">\n\t\t\t\t\t\t\t\t\t<p data-start=\"0\" data-end=\"97\">Le \u00ab midi am Mittag \u00bb a fait peau neuve sur le web et s\u2019appelle d\u00e9sormais \u00ab Casino beim Heckel \u00bb.<\/p><p data-start=\"99\" data-end=\"158\">Vous nous trouverez \u00e0 l\u2019adresse : <a class=\"decorated-link\" href=\"http:\/\/www.casino-beim-heckel.de\/\" target=\"_new\" rel=\"noopener\" data-start=\"133\" data-end=\"158\">www.casino-beim-heckel.de<\/a><\/p><p data-start=\"160\" data-end=\"199\" data-is-last-node=\"\" data-is-only-node=\"\">Nous nous r\u00e9jouissons de votre visite !<\/p>\t\t\t\t\t\t\t\t<\/div>\n\t\t\t\t<\/div>\n\t\t\t\t\t<\/div>\n\t\t\t\t<\/div>\n\t\t\t\t<\/div>\n\t\t","protected":false},"excerpt":{"rendered":"<p>Nouveau site web Le \u00ab midi am Mittag \u00bb a fait peau neuve sur le web et s\u2019appelle d\u00e9sormais \u00ab Casino beim Heckel \u00bb. Vous nous trouverez \u00e0 l\u2019adresse : www.casino-beim-heckel.de Nous nous r\u00e9jouissons de votre visite !<\/p>\n","protected":false},"author":1,"featured_media":0,"parent":0,"menu_order":0,"comment_status":"closed","ping_status":"closed","template":"","meta":{"inline_featured_image":false,"footnotes":""},"class_list":["post-7025","page","type-page","status-publish","hentry"],"yoast_head":"<!-- This site is optimized with the Yoast SEO plugin v27.6 - https:\/\/yoast.com\/product\/yoast-seo-wordpress\/ -->\n<title>Le Casino beim Heckel - D\u00e9jeuner<\/title>\n<meta name=\"description\" content=\"Au Casino beim Heckel, savourez chaque jour un d\u00e9jeuner d\u00e9licieux et sain.\" \/>\n<meta name=\"robots\" content=\"index, follow, max-snippet:-1, max-image-preview:large, max-video-preview:-1\" \/>\n<link rel=\"canonical\" href=\"https:\/\/midi-restaurant.de\/fr\/dejeuner\/\" \/>\n<meta property=\"og:locale\" content=\"fr_FR\" \/>\n<meta property=\"og:type\" content=\"article\" \/>\n<meta property=\"og:title\" content=\"Le Casino beim Heckel - D\u00e9jeuner\" \/>\n<meta property=\"og:description\" content=\"Au Casino beim Heckel, savourez chaque jour un d\u00e9jeuner d\u00e9licieux et sain.\" \/>\n<meta property=\"og:url\" content=\"https:\/\/midi-restaurant.de\/fr\/dejeuner\/\" \/>\n<meta property=\"og:site_name\" content=\"midi Restaurant\" \/>\n<meta property=\"article:publisher\" content=\"https:\/\/www.facebook.com\/midibliesgau\/\" \/>\n<meta property=\"article:modified_time\" content=\"2026-05-05T17:19:41+00:00\" \/>\n<meta name=\"twitter:card\" content=\"summary_large_image\" \/>\n<meta name=\"twitter:label1\" content=\"Dur\u00e9e de lecture estim\u00e9e\" \/>\n\t<meta name=\"twitter:data1\" content=\"1 minute\" \/>\n<script type=\"application\/ld+json\" class=\"yoast-schema-graph\">{\"@context\":\"https:\\\/\\\/schema.org\",\"@graph\":[{\"@type\":\"WebPage\",\"@id\":\"https:\\\/\\\/midi-restaurant.de\\\/fr\\\/dejeuner\\\/\",\"url\":\"https:\\\/\\\/midi-restaurant.de\\\/fr\\\/dejeuner\\\/\",\"name\":\"Le Casino beim Heckel - D\u00e9jeuner\",\"isPartOf\":{\"@id\":\"https:\\\/\\\/midi-restaurant.de\\\/fr\\\/#website\"},\"datePublished\":\"2024-04-12T12:28:25+00:00\",\"dateModified\":\"2026-05-05T17:19:41+00:00\",\"description\":\"Au Casino beim Heckel, savourez chaque jour un d\u00e9jeuner d\u00e9licieux et sain.\",\"breadcrumb\":{\"@id\":\"https:\\\/\\\/midi-restaurant.de\\\/fr\\\/dejeuner\\\/#breadcrumb\"},\"inLanguage\":\"fr-FR\",\"potentialAction\":[{\"@type\":\"ReadAction\",\"target\":[\"https:\\\/\\\/midi-restaurant.de\\\/fr\\\/dejeuner\\\/\"]}]},{\"@type\":\"BreadcrumbList\",\"@id\":\"https:\\\/\\\/midi-restaurant.de\\\/fr\\\/dejeuner\\\/#breadcrumb\",\"itemListElement\":[{\"@type\":\"ListItem\",\"position\":1,\"name\":\"Startseite\",\"item\":\"https:\\\/\\\/midi-restaurant.de\\\/fr\\\/accueil\\\/\"},{\"@type\":\"ListItem\",\"position\":2,\"name\":\"D\u00e9jeuner\"}]},{\"@type\":\"WebSite\",\"@id\":\"https:\\\/\\\/midi-restaurant.de\\\/fr\\\/#website\",\"url\":\"https:\\\/\\\/midi-restaurant.de\\\/fr\\\/\",\"name\":\"midi Restaurant\",\"description\":\"Das Restaurant midi in Rohrbach hat seit 2024 einen Michelin-Stern\",\"publisher\":{\"@id\":\"https:\\\/\\\/midi-restaurant.de\\\/fr\\\/#organization\"},\"potentialAction\":[{\"@type\":\"SearchAction\",\"target\":{\"@type\":\"EntryPoint\",\"urlTemplate\":\"https:\\\/\\\/midi-restaurant.de\\\/fr\\\/?s={search_term_string}\"},\"query-input\":{\"@type\":\"PropertyValueSpecification\",\"valueRequired\":true,\"valueName\":\"search_term_string\"}}],\"inLanguage\":\"fr-FR\"},{\"@type\":\"Organization\",\"@id\":\"https:\\\/\\\/midi-restaurant.de\\\/fr\\\/#organization\",\"name\":\"midi Restaurant\",\"url\":\"https:\\\/\\\/midi-restaurant.de\\\/fr\\\/\",\"logo\":{\"@type\":\"ImageObject\",\"inLanguage\":\"fr-FR\",\"@id\":\"https:\\\/\\\/midi-restaurant.de\\\/fr\\\/#\\\/schema\\\/logo\\\/image\\\/\",\"url\":\"https:\\\/\\\/dev.midi-restaurant.de\\\/wp-content\\\/uploads\\\/2024\\\/01\\\/midi-logo-claim.svg\",\"contentUrl\":\"https:\\\/\\\/dev.midi-restaurant.de\\\/wp-content\\\/uploads\\\/2024\\\/01\\\/midi-logo-claim.svg\",\"width\":632,\"height\":484,\"caption\":\"midi Restaurant\"},\"image\":{\"@id\":\"https:\\\/\\\/midi-restaurant.de\\\/fr\\\/#\\\/schema\\\/logo\\\/image\\\/\"},\"sameAs\":[\"https:\\\/\\\/www.facebook.com\\\/midibliesgau\\\/\",\"https:\\\/\\\/www.instagram.com\\\/midi_bliesgau\"]}]}<\/script>\n<!-- \/ Yoast SEO plugin. -->","yoast_head_json":{"title":"Le Casino beim Heckel - D\u00e9jeuner","description":"Au Casino beim Heckel, savourez chaque jour un d\u00e9jeuner d\u00e9licieux et sain.","robots":{"index":"index","follow":"follow","max-snippet":"max-snippet:-1","max-image-preview":"max-image-preview:large","max-video-preview":"max-video-preview:-1"},"canonical":"https:\/\/midi-restaurant.de\/fr\/dejeuner\/","og_locale":"fr_FR","og_type":"article","og_title":"Le Casino beim Heckel - D\u00e9jeuner","og_description":"Au Casino beim Heckel, savourez chaque jour un d\u00e9jeuner d\u00e9licieux et sain.","og_url":"https:\/\/midi-restaurant.de\/fr\/dejeuner\/","og_site_name":"midi Restaurant","article_publisher":"https:\/\/www.facebook.com\/midibliesgau\/","article_modified_time":"2026-05-05T17:19:41+00:00","twitter_card":"summary_large_image","twitter_misc":{"Dur\u00e9e de lecture estim\u00e9e":"1 minute"},"schema":{"@context":"https:\/\/schema.org","@graph":[{"@type":"WebPage","@id":"https:\/\/midi-restaurant.de\/fr\/dejeuner\/","url":"https:\/\/midi-restaurant.de\/fr\/dejeuner\/","name":"Le Casino beim Heckel - D\u00e9jeuner","isPartOf":{"@id":"https:\/\/midi-restaurant.de\/fr\/#website"},"datePublished":"2024-04-12T12:28:25+00:00","dateModified":"2026-05-05T17:19:41+00:00","description":"Au Casino beim Heckel, savourez chaque jour un d\u00e9jeuner d\u00e9licieux et sain.","breadcrumb":{"@id":"https:\/\/midi-restaurant.de\/fr\/dejeuner\/#breadcrumb"},"inLanguage":"fr-FR","potentialAction":[{"@type":"ReadAction","target":["https:\/\/midi-restaurant.de\/fr\/dejeuner\/"]}]},{"@type":"BreadcrumbList","@id":"https:\/\/midi-restaurant.de\/fr\/dejeuner\/#breadcrumb","itemListElement":[{"@type":"ListItem","position":1,"name":"Startseite","item":"https:\/\/midi-restaurant.de\/fr\/accueil\/"},{"@type":"ListItem","position":2,"name":"D\u00e9jeuner"}]},{"@type":"WebSite","@id":"https:\/\/midi-restaurant.de\/fr\/#website","url":"https:\/\/midi-restaurant.de\/fr\/","name":"midi Restaurant","description":"Das Restaurant midi in Rohrbach hat seit 2024 einen Michelin-Stern","publisher":{"@id":"https:\/\/midi-restaurant.de\/fr\/#organization"},"potentialAction":[{"@type":"SearchAction","target":{"@type":"EntryPoint","urlTemplate":"https:\/\/midi-restaurant.de\/fr\/?s={search_term_string}"},"query-input":{"@type":"PropertyValueSpecification","valueRequired":true,"valueName":"search_term_string"}}],"inLanguage":"fr-FR"},{"@type":"Organization","@id":"https:\/\/midi-restaurant.de\/fr\/#organization","name":"midi Restaurant","url":"https:\/\/midi-restaurant.de\/fr\/","logo":{"@type":"ImageObject","inLanguage":"fr-FR","@id":"https:\/\/midi-restaurant.de\/fr\/#\/schema\/logo\/image\/","url":"https:\/\/dev.midi-restaurant.de\/wp-content\/uploads\/2024\/01\/midi-logo-claim.svg","contentUrl":"https:\/\/dev.midi-restaurant.de\/wp-content\/uploads\/2024\/01\/midi-logo-claim.svg","width":632,"height":484,"caption":"midi Restaurant"},"image":{"@id":"https:\/\/midi-restaurant.de\/fr\/#\/schema\/logo\/image\/"},"sameAs":["https:\/\/www.facebook.com\/midibliesgau\/","https:\/\/www.instagram.com\/midi_bliesgau"]}]}},"jetpack_sharing_enabled":true,"_links":{"self":[{"href":"https:\/\/midi-restaurant.de\/fr\/wp-json\/wp\/v2\/pages\/7025","targetHints":{"allow":["GET"]}}],"collection":[{"href":"https:\/\/midi-restaurant.de\/fr\/wp-json\/wp\/v2\/pages"}],"about":[{"href":"https:\/\/midi-restaurant.de\/fr\/wp-json\/wp\/v2\/types\/page"}],"author":[{"embeddable":true,"href":"https:\/\/midi-restaurant.de\/fr\/wp-json\/wp\/v2\/users\/1"}],"replies":[{"embeddable":true,"href":"https:\/\/midi-restaurant.de\/fr\/wp-json\/wp\/v2\/comments?post=7025"}],"version-history":[{"count":4,"href":"https:\/\/midi-restaurant.de\/fr\/wp-json\/wp\/v2\/pages\/7025\/revisions"}],"predecessor-version":[{"id":7029,"href":"https:\/\/midi-restaurant.de\/fr\/wp-json\/wp\/v2\/pages\/7025\/revisions\/7029"}],"wp:attachment":[{"href":"https:\/\/midi-restaurant.de\/fr\/wp-json\/wp\/v2\/media?parent=7025"}],"curies":[{"name":"wp","href":"https:\/\/api.w.org\/{rel}","templated":true}]}}